{"id":1100,"date":"2024-09-17T11:32:00","date_gmt":"2024-09-17T10:32:00","guid":{"rendered":"https:\/\/amarillagolf.es\/organize-a-tournament\/"},"modified":"2025-03-18T12:59:29","modified_gmt":"2025-03-18T11:59:29","slug":"organize-a-tournament","status":"publish","type":"page","link":"https:\/\/amarillagolf.es\/en\/tournaments\/organize-a-tournament\/","title":{"rendered":"Organize a Tournament"},"content":{"rendered":"\n<style type=\"text\/css\" data-created_by=\"avia_inline_auto\" id=\"style-css-av-113gn-05e6f67df01652c6e2a3cc8bbbd071b9\">\n.avia-section.av-113gn-05e6f67df01652c6e2a3cc8bbbd071b9{\nbackground-repeat:no-repeat;\nbackground-image:url(https:\/\/amarillagolf.es\/wp-content\/uploads\/2025\/03\/torneo.png);\nbackground-position:50% 50%;\nbackground-attachment:scroll;\n}\n.avia-section.av-113gn-05e6f67df01652c6e2a3cc8bbbd071b9 .av-section-color-overlay{\nopacity:0.5;\nbackground-color:#000000;\n}\n<\/style>\n<div id='av_section_1'  class='avia-section av-113gn-05e6f67df01652c6e2a3cc8bbbd071b9 main_color avia-section-default avia-no-border-styling  avia-builder-el-0  el_before_av_one_half  avia-builder-el-first  avia-full-stretch avia-bg-style-scroll av-section-color-overlay-active av-minimum-height av-minimum-height-25vw av-height-percent_width  container_wrap sidebar_right'  data-section-bg-repeat='stretch' data-av_minimum_height_pc='25' data-av_min_height_opt='percent_width'><div class=\"av-section-color-overlay-wrap\"><div class=\"av-section-color-overlay\"><\/div><div class='container av-section-cont-open' ><main  role=\"main\" itemprop=\"mainContentOfPage\"  class='template-page content  av-content-small alpha units'><div class='post-entry post-entry-type-page post-entry-1100'><div class='entry-content-wrapper clearfix'>\n\n<style type=\"text\/css\" data-created_by=\"avia_inline_auto\" id=\"style-css-av-m0wajngp-3a036d7f1f9a31acf60c206cb67da640\">\n#top .av-special-heading.av-m0wajngp-3a036d7f1f9a31acf60c206cb67da640{\npadding-bottom:10px;\ncolor:#ffffff;\n}\nbody .av-special-heading.av-m0wajngp-3a036d7f1f9a31acf60c206cb67da640 .av-special-heading-tag .heading-char{\nfont-size:25px;\n}\n.av-special-heading.av-m0wajngp-3a036d7f1f9a31acf60c206cb67da640 .special-heading-inner-border{\nborder-color:#ffffff;\n}\n.av-special-heading.av-m0wajngp-3a036d7f1f9a31acf60c206cb67da640 .av-subheading{\nfont-size:15px;\n}\n<\/style>\n<div  class='av-special-heading av-m0wajngp-3a036d7f1f9a31acf60c206cb67da640 av-special-heading-h2 custom-color-heading blockquote modern-quote modern-centered  avia-builder-el-1  avia-builder-el-no-sibling '><h2 class='av-special-heading-tag '  itemprop=\"headline\"  >Organizar un Torneo<\/h2><div class=\"special-heading-border\"><div class=\"special-heading-inner-border\"><\/div><\/div><\/div>\n<\/div><\/div><\/main><!-- close content main element --><\/div><\/div><\/div><div id='after_section_1'  class='main_color av_default_container_wrap container_wrap sidebar_right'  ><div class='container av-section-cont-open' ><div class='template-page content  av-content-small alpha units'><div class='post-entry post-entry-type-page post-entry-1100'><div class='entry-content-wrapper clearfix'>\n<div  class='flex_column av-kxso9-7ab7d8a0411462df7b67acf4b12cdcae av_one_half  avia-builder-el-2  el_after_av_section  el_before_av_one_half  avia-builder-el-first  first flex_column_div  '     ><section  class='av_textblock_section av-m16cax9l-a2e61fdf8eccb38fd7d60ac154cb1761 '   itemscope=\"itemscope\" itemtype=\"https:\/\/schema.org\/CreativeWork\" ><div class='avia_textblock'  itemprop=\"text\" ><p><strong>Ofrecemos todos los servicios indispensables para la organizaci\u00f3n de un torneo en nuestras instalaciones.<\/p>\n<p><\/strong>\u2022 Registro de los jugadores<\/p>\n<p>\u2022 Elaboraci\u00f3n de las tarjetas de juego<\/p>\n<p>\u2022 Starter oficial para el evento<\/p>\n<p>\u2022 Comida y bebida en el campo para los jugadores<\/p>\n<p>\u2022 Un sal\u00f3n para la premiaci\u00f3n, con opciones de comida, cena o c\u00f3ctel<\/p>\n<p>Si le interesa hacer un torneo en Amarilla Golf, rellenar los datos en el formulario o llamar al <a href=\"tel:+34922730319\">(+34) 922 730 319<\/a><\/p>\n<\/div><\/section><\/div>\n<div  class='flex_column av-cywqp-52266b6e41cd98ddecaa2a340393616f av_one_half  avia-builder-el-4  el_after_av_one_half  avia-builder-el-last  flex_column_div  '     ><form action=\"https:\/\/amarillagolf.es\/en\/tournaments\/organize-a-tournament\/\" method=\"post\" data-fields-with-error=\"Found errors in the following field(s):\" class=\"avia_ajax_form av-form-labels-visible   avia-builder-el-5  avia-builder-el-no-sibling   \" data-avia-form-id=\"1\" data-avia-redirect='' ><fieldset><p class='  first_form  form_element form_fullwidth' id='element_avia_1_1'><label for=\"avia_1_1\">Name and Surname <abbr class=\"required\" title=\"required\">*<\/abbr><\/label> <input name=\"avia_1_1\" class=\"text_input is_empty\" type=\"text\" id=\"avia_1_1\" value=\"\" \/><\/p><p class='  first_form  form_element form_element_half' id='element_avia_2_1'><label for=\"avia_2_1\">Email <abbr class=\"required\" title=\"required\">*<\/abbr><\/label> <input name=\"avia_2_1\" class=\"text_input is_email\" type=\"text\" id=\"avia_2_1\" value=\"\" \/><\/p><p class='  form_element form_element_half' id='element_avia_3_1'><label for=\"avia_3_1\">Mobile number <abbr class=\"required\" title=\"required\">*<\/abbr><\/label> <input name=\"avia_3_1\" class=\"text_input is_phone\" type=\"text\" id=\"avia_3_1\" value=\"\" \/><\/p><p class='  first_form  form_element form_fullwidth' id='element_avia_4_1'><label for=\"avia_4_1\" class=\"textare_label hidden textare_label_avia_4_1\">Message <abbr class=\"required\" title=\"required\">*<\/abbr><\/label><textarea  name=\"avia_4_1\" class=\"text_area is_empty\" cols=\"40\" rows=\"7\" id=\"avia_4_1\" ><\/textarea><\/p><p class=\"hidden\"><input type=\"text\" name=\"avia_5_1\" class=\"hidden \" id=\"avia_5_1\" value=\"\" \/><\/p><div id='avia_6_1' class='av-recaptcha-area  first_form  form_element form_fullwidth '  data-container_class=\"\" data-custom_class=\"\" data-context=\"av_contact_form\" data-token_input=\"av_recaptcha_token\" data-version=\"avia_recaptcha_v3\" data-theme=\"light\" data-size=\"normal\" data-score=\"0.5\" data-text_to_preview=\"\" data-value=\"\"><div class=\"av-google-badge-message hidden\">This site is protected by reCAPTCHA and the Google <a href=\"https:\/\/policies.google.com\/privacy\">Privacy Policy<\/a> and <a href=\"https:\/\/policies.google.com\/terms\">Terms of Service<\/a> apply.<\/div><\/div><p class=\"form_element \"><input type=\"hidden\" value=\"1\" name=\"avia_generated_form1\" \/><input type=\"submit\" value=\"Enviar\" class=\"button\"  data-sending-label=\"Sending\"\/><\/p><\/fieldset><div class=\"avia-disabled-form\">This contact form is deactivated because you refused to accept Google reCaptcha service which is necessary to validate any messages sent by the form.<\/div><\/form><div id=\"ajaxresponse_1\" class=\"ajaxresponse ajaxresponse_1 hidden\"><\/div><\/div>\n","protected":false},"excerpt":{"rendered":"","protected":false},"author":1,"featured_media":0,"parent":1104,"menu_order":0,"comment_status":"closed","ping_status":"closed","template":"","meta":{"footnotes":""},"class_list":["post-1100","page","type-page","status-publish","hentry"],"yoast_head":"<!-- This site is optimized with the Yoast SEO plugin v25.5 - https:\/\/yoast.com\/wordpress\/plugins\/seo\/ -->\n<title>Organize a Tournament - Amarilla Golf<\/title>\n<meta name=\"robots\" content=\"index, follow, max-snippet:-1, max-image-preview:large, max-video-preview:-1\" \/>\n<link rel=\"canonical\" href=\"https:\/\/amarillagolf.es\/en\/tournaments\/organize-a-tournament\/\" \/>\n<meta property=\"og:locale\" content=\"en_US\" \/>\n<meta property=\"og:type\" content=\"article\" \/>\n<meta property=\"og:title\" content=\"Organize a Tournament - Amarilla Golf\" \/>\n<meta property=\"og:url\" content=\"https:\/\/amarillagolf.es\/en\/tournaments\/organize-a-tournament\/\" \/>\n<meta property=\"og:site_name\" content=\"Amarilla Golf\" \/>\n<meta property=\"article:modified_time\" content=\"2025-03-18T11:59:29+00:00\" \/>\n<meta name=\"twitter:card\" content=\"summary_large_image\" \/>\n<meta name=\"twitter:label1\" content=\"Est. reading time\" \/>\n\t<meta name=\"twitter:data1\" content=\"7 minutes\" \/>\n<script type=\"application\/ld+json\" class=\"yoast-schema-graph\">{\"@context\":\"https:\/\/schema.org\",\"@graph\":[{\"@type\":\"WebPage\",\"@id\":\"https:\/\/amarillagolf.es\/en\/tournaments\/organize-a-tournament\/\",\"url\":\"https:\/\/amarillagolf.es\/en\/tournaments\/organize-a-tournament\/\",\"name\":\"Organize a Tournament - Amarilla Golf\",\"isPartOf\":{\"@id\":\"https:\/\/amarillagolf.es\/#website\"},\"datePublished\":\"2024-09-17T10:32:00+00:00\",\"dateModified\":\"2025-03-18T11:59:29+00:00\",\"breadcrumb\":{\"@id\":\"https:\/\/amarillagolf.es\/en\/tournaments\/organize-a-tournament\/#breadcrumb\"},\"inLanguage\":\"en-US\",\"potentialAction\":[{\"@type\":\"ReadAction\",\"target\":[\"https:\/\/amarillagolf.es\/en\/tournaments\/organize-a-tournament\/\"]}]},{\"@type\":\"BreadcrumbList\",\"@id\":\"https:\/\/amarillagolf.es\/en\/tournaments\/organize-a-tournament\/#breadcrumb\",\"itemListElement\":[{\"@type\":\"ListItem\",\"position\":1,\"name\":\"Portada\",\"item\":\"https:\/\/amarillagolf.es\/home\/\"},{\"@type\":\"ListItem\",\"position\":2,\"name\":\"Tournaments\",\"item\":\"https:\/\/amarillagolf.es\/en\/tournaments\/\"},{\"@type\":\"ListItem\",\"position\":3,\"name\":\"Organize a Tournament\"}]},{\"@type\":\"WebSite\",\"@id\":\"https:\/\/amarillagolf.es\/#website\",\"url\":\"https:\/\/amarillagolf.es\/\",\"name\":\"Amarilla Golf\",\"description\":\"Tenerife Sur\",\"potentialAction\":[{\"@type\":\"SearchAction\",\"target\":{\"@type\":\"EntryPoint\",\"urlTemplate\":\"https:\/\/amarillagolf.es\/?s={search_term_string}\"},\"query-input\":{\"@type\":\"PropertyValueSpecification\",\"valueRequired\":true,\"valueName\":\"search_term_string\"}}],\"inLanguage\":\"en-US\"}]}<\/script>\n<!-- \/ Yoast SEO plugin. -->","yoast_head_json":{"title":"Organize a Tournament - Amarilla Golf","robots":{"index":"index","follow":"follow","max-snippet":"max-snippet:-1","max-image-preview":"max-image-preview:large","max-video-preview":"max-video-preview:-1"},"canonical":"https:\/\/amarillagolf.es\/en\/tournaments\/organize-a-tournament\/","og_locale":"en_US","og_type":"article","og_title":"Organize a Tournament - Amarilla Golf","og_url":"https:\/\/amarillagolf.es\/en\/tournaments\/organize-a-tournament\/","og_site_name":"Amarilla Golf","article_modified_time":"2025-03-18T11:59:29+00:00","twitter_card":"summary_large_image","twitter_misc":{"Est. reading time":"7 minutes"},"schema":{"@context":"https:\/\/schema.org","@graph":[{"@type":"WebPage","@id":"https:\/\/amarillagolf.es\/en\/tournaments\/organize-a-tournament\/","url":"https:\/\/amarillagolf.es\/en\/tournaments\/organize-a-tournament\/","name":"Organize a Tournament - Amarilla Golf","isPartOf":{"@id":"https:\/\/amarillagolf.es\/#website"},"datePublished":"2024-09-17T10:32:00+00:00","dateModified":"2025-03-18T11:59:29+00:00","breadcrumb":{"@id":"https:\/\/amarillagolf.es\/en\/tournaments\/organize-a-tournament\/#breadcrumb"},"inLanguage":"en-US","potentialAction":[{"@type":"ReadAction","target":["https:\/\/amarillagolf.es\/en\/tournaments\/organize-a-tournament\/"]}]},{"@type":"BreadcrumbList","@id":"https:\/\/amarillagolf.es\/en\/tournaments\/organize-a-tournament\/#breadcrumb","itemListElement":[{"@type":"ListItem","position":1,"name":"Portada","item":"https:\/\/amarillagolf.es\/home\/"},{"@type":"ListItem","position":2,"name":"Tournaments","item":"https:\/\/amarillagolf.es\/en\/tournaments\/"},{"@type":"ListItem","position":3,"name":"Organize a Tournament"}]},{"@type":"WebSite","@id":"https:\/\/amarillagolf.es\/#website","url":"https:\/\/amarillagolf.es\/","name":"Amarilla Golf","description":"Tenerife Sur","potentialAction":[{"@type":"SearchAction","target":{"@type":"EntryPoint","urlTemplate":"https:\/\/amarillagolf.es\/?s={search_term_string}"},"query-input":{"@type":"PropertyValueSpecification","valueRequired":true,"valueName":"search_term_string"}}],"inLanguage":"en-US"}]}},"_links":{"self":[{"href":"https:\/\/amarillagolf.es\/en\/wp-json\/wp\/v2\/pages\/1100","targetHints":{"allow":["GET"]}}],"collection":[{"href":"https:\/\/amarillagolf.es\/en\/wp-json\/wp\/v2\/pages"}],"about":[{"href":"https:\/\/amarillagolf.es\/en\/wp-json\/wp\/v2\/types\/page"}],"author":[{"embeddable":true,"href":"https:\/\/amarillagolf.es\/en\/wp-json\/wp\/v2\/users\/1"}],"replies":[{"embeddable":true,"href":"https:\/\/amarillagolf.es\/en\/wp-json\/wp\/v2\/comments?post=1100"}],"version-history":[{"count":1,"href":"https:\/\/amarillagolf.es\/en\/wp-json\/wp\/v2\/pages\/1100\/revisions"}],"predecessor-version":[{"id":1105,"href":"https:\/\/amarillagolf.es\/en\/wp-json\/wp\/v2\/pages\/1100\/revisions\/1105"}],"up":[{"embeddable":true,"href":"https:\/\/amarillagolf.es\/en\/wp-json\/wp\/v2\/pages\/1104"}],"wp:attachment":[{"href":"https:\/\/amarillagolf.es\/en\/wp-json\/wp\/v2\/media?parent=1100"}],"curies":[{"name":"wp","href":"https:\/\/api.w.org\/{rel}","templated":true}]}}